{"id":8183,"date":"2025-04-18T20:55:58","date_gmt":"2025-04-18T18:55:58","guid":{"rendered":"https:\/\/www.herz.nl\/?post_type=product&#038;p=8183"},"modified":"2025-04-18T20:58:21","modified_gmt":"2025-04-18T18:58:21","slug":"herz-vua-50-recht-1p","status":"publish","type":"product","link":"https:\/\/www.herz.nl\/?product=herz-vua-50-recht-1p","title":{"rendered":"HERZ-VUA-50 recht 1P"},"content":{"rendered":"","protected":false},"excerpt":{"rendered":"<p>Vierweg thermostatische afsluiter voor \u00e9\u00e9nbuisssystemen recht. Met dompelbuis L = 290 mm, \u00d8 11 mm, met omleiding, thermostaatkopaansluiting &#8211; M 28 x 1,5; aansluiting h.o.h. 50 mm, radiatoraansluiting G 1\/2, koppeling met behulp van een vrij draaiende moer G 3\/4, installatie-aansluiting M 22 x 1,5.<\/p>\n","protected":false},"featured_media":8187,"template":"","meta":{"neve_meta_sidebar":"","neve_meta_container":"","neve_meta_enable_content_width":"","neve_meta_content_width":0,"neve_meta_title_alignment":"","neve_meta_author_avatar":"","neve_post_elements_order":"","neve_meta_disable_header":"","neve_meta_disable_footer":"","neve_meta_disable_title":""},"product_brand":[],"product_cat":[165],"product_tag":[],"class_list":{"0":"post-8183","1":"product","2":"type-product","3":"status-publish","4":"has-post-thumbnail","6":"product_cat-deluxe-vua-radiatorverbindingen","8":"first","9":"instock","10":"shipping-taxable","11":"purchasable","12":"product-type-variable"},"aioseo_notices":[],"_links":{"self":[{"href":"https:\/\/www.herz.nl\/index.php?rest_route=\/wp\/v2\/product\/8183","targetHints":{"allow":["GET"]}}],"collection":[{"href":"https:\/\/www.herz.nl\/index.php?rest_route=\/wp\/v2\/product"}],"about":[{"href":"https:\/\/www.herz.nl\/index.php?rest_route=\/wp\/v2\/types\/product"}],"wp:featuredmedia":[{"embeddable":true,"href":"https:\/\/www.herz.nl\/index.php?rest_route=\/wp\/v2\/media\/8187"}],"wp:attachment":[{"href":"https:\/\/www.herz.nl\/index.php?rest_route=%2Fwp%2Fv2%2Fmedia&parent=8183"}],"wp:term":[{"taxonomy":"product_brand","embeddable":true,"href":"https:\/\/www.herz.nl\/index.php?rest_route=%2Fwp%2Fv2%2Fproduct_brand&post=8183"},{"taxonomy":"product_cat","embeddable":true,"href":"https:\/\/www.herz.nl\/index.php?rest_route=%2Fwp%2Fv2%2Fproduct_cat&post=8183"},{"taxonomy":"product_tag","embeddable":true,"href":"https:\/\/www.herz.nl\/index.php?rest_route=%2Fwp%2Fv2%2Fproduct_tag&post=8183"}],"curies":[{"name":"wp","href":"https:\/\/api.w.org\/{rel}","templated":true}]}}